                  {"id":1064,"date":"2024-08-26T12:22:20","date_gmt":"2024-08-26T10:22:20","guid":{"rendered":"https:\/\/scacrando.fr\/scac\/?page_id=1064"},"modified":"2025-09-15T13:23:58","modified_gmt":"2025-09-15T11:23:58","slug":"code-de-bonne-conduite-du-randonneur","status":"publish","type":"page","link":"https:\/\/scacrando.fr\/scac\/code-de-bonne-conduite-du-randonneur\/","title":{"rendered":"Code de bonne conduite"},"content":{"rendered":"\t\t<div data-elementor-type=\"wp-page\" data-elementor-id=\"1064\" class=\"elementor elementor-1064\">\n\t\t\t\t<div class=\"elementor-element elementor-element-151a0b5 e-flex e-con-boxed e-con e-parent\" data-id=\"151a0b5\" data-element_type=\"container\" data-e-type=\"container\">\n\t\t\t\t\t<div class=\"e-con-inner\">\n\t\t\t\t<div class=\"elementor-element elementor-element-09a9546 elementor-widget elementor-widget-image\" data-id=\"09a9546\" data-element_type=\"widget\" data-e-type=\"widget\" data-widget_type=\"image.default\">\n\t\t\t\t<div class=\"elementor-widget-container\">\n\t\t\t\t\t\t\t\t\t\t\t\t\t\t\t<img fetchpriority=\"high\" decoding=\"async\" width=\"560\" height=\"105\" src=\"https:\/\/scacrando.fr\/scac\/wp-content\/uploads\/2024\/08\/adherezhaut.png\" class=\"attachment-large size-large wp-image-222\" alt=\"\" srcset=\"https:\/\/scacrando.fr\/scac\/wp-content\/uploads\/2024\/08\/adherezhaut.png 560w, https:\/\/scacrando.fr\/scac\/wp-content\/uploads\/2024\/08\/adherezhaut-300x56.png 300w\" sizes=\"(max-width: 560px) 100vw, 560px\" \/>\t\t\t\t\t\t\t\t\t\t\t\t\t\t\t<\/div>\n\t\t\t\t<\/div>\n\t\t\t\t\t<\/div>\n\t\t\t\t<\/div>\n\t\t<div class=\"elementor-element elementor-element-43dc87e e-flex e-con-boxed e-con e-parent\" data-id=\"43dc87e\" data-element_type=\"container\" data-e-type=\"container\">\n\t\t\t\t\t<div class=\"e-con-inner\">\n\t\t\t\t<div class=\"elementor-element elementor-element-d73f792 elementor-widget elementor-widget-text-editor\" data-id=\"d73f792\" data-element_type=\"widget\" data-e-type=\"widget\" data-widget_type=\"text-editor.default\">\n\t\t\t\t<div class=\"elementor-widget-container\">\n\t\t\t\t\t\t\t\t\t<p class=\"p1\"><span style=\"color: #000000;\"><strong>Respecter le code de bonne conduite du randonneur, \u00e0 savoir :<\/strong><\/span><\/p><ul><li><span class=\"s1\" style=\"color: #000000;\">Etre courtois avec les randonneurs et les autres usagers de la nature.<br \/><\/span><\/li><li><span style=\"color: #000000;\">Respecter la faune et la flore, ne rien jeter \u00e0 terre, emporter les d\u00e9chets.<br \/><\/span><\/li><li><span class=\"s1\" style=\"color: #000000;\">Respecter les sentiers et les propri\u00e9t\u00e9s priv\u00e9es. <br \/><\/span><\/li><li><span class=\"s1\" style=\"color: #000000;\">Appliquer le code de la route qui reste le m\u00eame sur les chemins ruraux. <\/span><span class=\"s1\" style=\"color: #000000;\"><br \/><\/span><\/li><li><span class=\"s1\" style=\"color: #000000;\">Ne pas se s\u00e9parer du groupe, ni par un rythme diff\u00e9rent, ni en adoptant un autre itin\u00e9raire. <br \/><\/span><\/li><li><span class=\"s1\" style=\"color: #000000;\">Faire primer la solidarit\u00e9 et la convivialit\u00e9 sur les performances. <br \/><\/span><\/li><li><span class=\"s1\" style=\"color: #000000;\">Donner la priorit\u00e9 \u00e0 la s\u00e9curit\u00e9 en toutes circonstances. <br \/><\/span><\/li><li><span style=\"color: #000000;\"><span class=\"s1\">Choisir sa sortie en fonction de ses capacit\u00e9s. Pour faire ce choix il est toujours possible de joindre pr\u00e9alablement <\/span><span class=\"s2\"><br \/><\/span><span class=\"s1\">l\u2019animateur de la sortie par t\u00e9l\u00e9phone.<br \/><\/span><span class=\"s2\"><br \/><\/span><span class=\"s1\"><b>Suivre les consignes de l\u2019animateur, c\u2019est lui qui :<br \/><br \/><\/b><\/span><\/span><\/li><li><span class=\"s1\" style=\"color: #000000;\">D\u00e9termine l\u2019itin\u00e9raire de la randonn\u00e9e.<\/span><\/li><li><span style=\"color: #000000;\"><span class=\"s1\">D\u00e9cide, m\u00eame au dernier moment, d\u2019annuler la sortie pour quelque cause que ce soit (<i>mauvaise m\u00e9t\u00e9o, difficult\u00e9s <\/i><\/span><span class=\"s2\"><br \/><\/span><span class=\"s1\"><i>de circulation sur la route, etc.<\/i>)<\/span><\/span><\/li><li><span class=\"s1\" style=\"color: #000000;\">Prend l\u2019initiative, pendant la randonn\u00e9e, d\u2019une modification de parcours ou de repli.<\/span><\/li><li><span style=\"color: #000000;\"><span class=\"s1\">Conseille et d\u00e9cide de la participation ou non d\u2019un adh\u00e9rent \u00e0 la randonn\u00e9e qu\u2019il propose en fonction des <\/span><span class=\"s1\">difficult\u00e9s de celle-ci. <br \/><\/span><\/span><\/li><li><span style=\"color: #000000;\"><span class=\"s1\">Organise le d\u00e9roulement de la sortie du jour. Il g\u00e8re le co-voiturage. Pendant la randonn\u00e9e il donne les consignes <\/span>de cadence du groupe, il nomme un serre-file (<i>assistant<\/i>), il d\u00e9cide des lieux et horaires des pauses, etc&#8230;<\/span><\/li><\/ul>\t\t\t\t\t\t\t\t<\/div>\n\t\t\t\t<\/div>\n\t\t\t\t\t<\/div>\n\t\t\t\t<\/div>\n\t\t<div class=\"elementor-element elementor-element-02eb6b2 e-flex e-con-boxed e-con e-parent\" data-id=\"02eb6b2\" data-element_type=\"container\" data-e-type=\"container\">\n\t\t\t\t\t<div class=\"e-con-inner\">\n\t\t\t\t<div class=\"elementor-element elementor-element-c745f3e elementor-widget elementor-widget-text-editor\" data-id=\"c745f3e\" data-element_type=\"widget\" data-e-type=\"widget\" data-widget_type=\"text-editor.default\">\n\t\t\t\t<div class=\"elementor-widget-container\">\n\t\t\t\t\t\t\t\t\t<p><a href=\"https:\/\/scacrando.fr\/scac\/lassociation\/\"><span style=\"text-decoration: underline;\"><span style=\"color: #3366ff;\"><strong>Page l&rsquo;association<\/strong><\/span><\/span><\/a><\/p>\t\t\t\t\t\t\t\t<\/div>\n\t\t\t\t<\/div>\n\t\t\t\t\t<\/div>\n\t\t\t\t<\/div>\n\t\t\t\t<\/div>\n\t\t","protected":false},"excerpt":{"rendered":"<p>Respecter le code de bonne conduite du randonneur, \u00e0 savoir : Etre courtois avec les randonneurs et les autres usagers de la nature. Respecter la faune et la flore, ne [&hellip;]<\/p>\n","protected":false},"author":1,"featured_media":0,"parent":0,"menu_order":0,"comment_status":"closed","ping_status":"closed","template":"","meta":{"_price":"","_stock":"","_tribe_ticket_header":"","_tribe_default_ticket_provider":"","_tribe_ticket_capacity":"0","_ticket_start_date":"","_ticket_end_date":"","_tribe_ticket_show_description":"","_tribe_ticket_show_not_going":false,"_tribe_ticket_use_global_stock":"","_tribe_ticket_global_stock_level":"","_global_stock_mode":"","_global_stock_cap":"","_tribe_rsvp_for_event":"","_tribe_ticket_going_count":"","_tribe_ticket_not_going_count":"","_tribe_tickets_list":"[]","_tribe_ticket_has_attendee_info_fields":false,"ocean_post_layout":"","ocean_both_sidebars_style":"","ocean_both_sidebars_content_width":0,"ocean_both_sidebars_sidebars_width":0,"ocean_sidebar":"","ocean_second_sidebar":"","ocean_disable_margins":"enable","ocean_add_body_class":"","ocean_shortcode_before_top_bar":"","ocean_shortcode_after_top_bar":"","ocean_shortcode_before_header":"","ocean_shortcode_after_header":"","ocean_has_shortcode":"","ocean_shortcode_after_title":"","ocean_shortcode_before_footer_widgets":"","ocean_shortcode_after_footer_widgets":"","ocean_shortcode_before_footer_bottom":"","ocean_shortcode_after_footer_bottom":"","ocean_display_top_bar":"default","ocean_display_header":"default","ocean_header_style":"","ocean_center_header_left_menu":"","ocean_custom_header_template":"","ocean_custom_logo":0,"ocean_custom_retina_logo":0,"ocean_custom_logo_max_width":0,"ocean_custom_logo_tablet_max_width":0,"ocean_custom_logo_mobile_max_width":0,"ocean_custom_logo_max_height":0,"ocean_custom_logo_tablet_max_height":0,"ocean_custom_logo_mobile_max_height":0,"ocean_header_custom_menu":"","ocean_menu_typo_font_family":"","ocean_menu_typo_font_subset":"","ocean_menu_typo_font_size":0,"ocean_menu_typo_font_size_tablet":0,"ocean_menu_typo_font_size_mobile":0,"ocean_menu_typo_font_size_unit":"px","ocean_menu_typo_font_weight":"","ocean_menu_typo_font_weight_tablet":"","ocean_menu_typo_font_weight_mobile":"","ocean_menu_typo_transform":"","ocean_menu_typo_transform_tablet":"","ocean_menu_typo_transform_mobile":"","ocean_menu_typo_line_height":0,"ocean_menu_typo_line_height_tablet":0,"ocean_menu_typo_line_height_mobile":0,"ocean_menu_typo_line_height_unit":"","ocean_menu_typo_spacing":0,"ocean_menu_typo_spacing_tablet":0,"ocean_menu_typo_spacing_mobile":0,"ocean_menu_typo_spacing_unit":"","ocean_menu_link_color":"","ocean_menu_link_color_hover":"","ocean_menu_link_color_active":"","ocean_menu_link_background":"","ocean_menu_link_hover_background":"","ocean_menu_link_active_background":"","ocean_menu_social_links_bg":"","ocean_menu_social_hover_links_bg":"","ocean_menu_social_links_color":"","ocean_menu_social_hover_links_color":"","ocean_disable_title":"default","ocean_disable_heading":"default","ocean_post_title":"","ocean_post_subheading":"","ocean_post_title_style":"","ocean_post_title_background_color":"","ocean_post_title_background":0,"ocean_post_title_bg_image_position":"","ocean_post_title_bg_image_attachment":"","ocean_post_title_bg_image_repeat":"","ocean_post_title_bg_image_size":"","ocean_post_title_height":0,"ocean_post_title_bg_overlay":0.5,"ocean_post_title_bg_overlay_color":"","ocean_disable_breadcrumbs":"default","ocean_breadcrumbs_color":"","ocean_breadcrumbs_separator_color":"","ocean_breadcrumbs_links_color":"","ocean_breadcrumbs_links_hover_color":"","ocean_display_footer_widgets":"default","ocean_display_footer_bottom":"default","ocean_custom_footer_template":"","_glsr_average":0,"_glsr_ranking":0,"_glsr_reviews":0,"footnotes":"","_tec_slr_enabled":"","_tec_slr_layout":""},"class_list":["post-1064","page","type-page","status-publish","hentry","entry"],"ticketed":false,"_links":{"self":[{"href":"https:\/\/scacrando.fr\/scac\/wp-json\/wp\/v2\/pages\/1064","targetHints":{"allow":["GET"]}}],"collection":[{"href":"https:\/\/scacrando.fr\/scac\/wp-json\/wp\/v2\/pages"}],"about":[{"href":"https:\/\/scacrando.fr\/scac\/wp-json\/wp\/v2\/types\/page"}],"author":[{"embeddable":true,"href":"https:\/\/scacrando.fr\/scac\/wp-json\/wp\/v2\/users\/1"}],"replies":[{"embeddable":true,"href":"https:\/\/scacrando.fr\/scac\/wp-json\/wp\/v2\/comments?post=1064"}],"version-history":[{"count":27,"href":"https:\/\/scacrando.fr\/scac\/wp-json\/wp\/v2\/pages\/1064\/revisions"}],"predecessor-version":[{"id":3446,"href":"https:\/\/scacrando.fr\/scac\/wp-json\/wp\/v2\/pages\/1064\/revisions\/3446"}],"wp:attachment":[{"href":"https:\/\/scacrando.fr\/scac\/wp-json\/wp\/v2\/media?parent=1064"}],"curies":[{"name":"wp","href":"https:\/\/api.w.org\/{rel}","templated":true}]}}