                  {"id":1101,"date":"2024-08-26T13:32:56","date_gmt":"2024-08-26T11:32:56","guid":{"rendered":"https:\/\/scacrando.fr\/scac\/?page_id=1101"},"modified":"2024-08-29T19:28:52","modified_gmt":"2024-08-29T17:28:52","slug":"formulaire-dessais","status":"publish","type":"page","link":"https:\/\/scacrando.fr\/scac\/formulaire-dessais\/","title":{"rendered":"Formulaire d&rsquo;essai"},"content":{"rendered":"\t\t<div data-elementor-type=\"wp-page\" data-elementor-id=\"1101\" class=\"elementor elementor-1101\">\n\t\t\t\t<div class=\"elementor-element elementor-element-151a0b5 e-flex e-con-boxed e-con e-parent\" data-id=\"151a0b5\" data-element_type=\"container\" data-e-type=\"container\">\n\t\t\t\t\t<div class=\"e-con-inner\">\n\t\t\t\t<div class=\"elementor-element elementor-element-09a9546 elementor-widget elementor-widget-image\" data-id=\"09a9546\" data-element_type=\"widget\" data-e-type=\"widget\" data-widget_type=\"image.default\">\n\t\t\t\t<div class=\"elementor-widget-container\">\n\t\t\t\t\t\t\t\t\t\t\t\t\t\t\t<img fetchpriority=\"high\" decoding=\"async\" width=\"560\" height=\"105\" src=\"https:\/\/scacrando.fr\/scac\/wp-content\/uploads\/2024\/08\/adherezhaut.png\" class=\"attachment-large size-large wp-image-222\" alt=\"\" srcset=\"https:\/\/scacrando.fr\/scac\/wp-content\/uploads\/2024\/08\/adherezhaut.png 560w, https:\/\/scacrando.fr\/scac\/wp-content\/uploads\/2024\/08\/adherezhaut-300x56.png 300w\" sizes=\"(max-width: 560px) 100vw, 560px\" \/>\t\t\t\t\t\t\t\t\t\t\t\t\t\t\t<\/div>\n\t\t\t\t<\/div>\n\t\t\t\t\t<\/div>\n\t\t\t\t<\/div>\n\t\t<div class=\"elementor-element elementor-element-d2e6049 e-flex e-con-boxed e-con e-parent\" data-id=\"d2e6049\" data-element_type=\"container\" data-e-type=\"container\">\n\t\t\t\t\t<div class=\"e-con-inner\">\n\t\t\t\t<div class=\"elementor-element elementor-element-99689ce elementor-widget elementor-widget-text-editor\" data-id=\"99689ce\" data-element_type=\"widget\" data-e-type=\"widget\" data-widget_type=\"text-editor.default\">\n\t\t\t\t<div class=\"elementor-widget-container\">\n\t\t\t\t\t\t\t\t\t<p class=\"p1\"><span style=\"color: #000000;\">Dans le cadre d\u2019une journ\u00e9e d\u00e9couverte du Ski Camping et Alpinisme de Cannes prise en charge d\u2019un pratiquant suivant les modalit\u00e9s ci dessous :<\/span><\/p><p class=\"p1\"><span style=\"color: #000000;\"><span class=\"s1\">\u2022 <\/span>Possibilit\u00e9 d&rsquo;effectuer <strong>3 essais gratuits<\/strong>, (<i>une seule journ\u00e9e par essai<\/i>), au cours de l&rsquo;ann\u00e9e sportive, assurance prise en charge par le club pour la journ\u00e9e.<\/span><\/p><p class=\"p1\"><span style=\"color: #000000;\"><span class=\"s1\">\u2022 <\/span>Toutefois lors de ces journ\u00e9es d&rsquo;essai, le randonneur devra s&rsquo;acquitter au m\u00eame titre que les autres licenci\u00e9s de 20\u20ac pour le transport en bus ou du co\u00fbt du covoiturage correspondant \u00e0 la sortie effectu\u00e9e.<\/span><\/p>\t\t\t\t\t\t\t\t<\/div>\n\t\t\t\t<\/div>\n\t\t\t\t\t<\/div>\n\t\t\t\t<\/div>\n\t\t<div class=\"elementor-element elementor-element-bdd7dee e-flex e-con-boxed e-con e-parent\" data-id=\"bdd7dee\" data-element_type=\"container\" data-e-type=\"container\">\n\t\t\t\t\t<div class=\"e-con-inner\">\n\t\t\t\t<div class=\"elementor-element elementor-element-2b66b8e elementor-widget elementor-widget-wpforms\" data-id=\"2b66b8e\" data-element_type=\"widget\" data-e-type=\"widget\" data-widget_type=\"wpforms.default\">\n\t\t\t\t<div class=\"elementor-widget-container\">\n\t\t\t\t\t<div class=\"wpforms-container wpforms-container-full wpforms-render-modern\" id=\"wpforms-724\"><form id=\"wpforms-form-724\" class=\"wpforms-validate wpforms-form wpforms-ajax-form\" data-formid=\"724\" method=\"post\" enctype=\"multipart\/form-data\" action=\"\/scac\/wp-json\/wp\/v2\/pages\/1101\" data-token=\"4f96e4d85f00366f4a6571b18614f3a6\" data-token-time=\"1777457921\"><noscript class=\"wpforms-error-noscript\">Veuillez activer JavaScript dans votre navigateur pour remplir ce formulaire.<\/noscript><div id=\"wpforms-error-noscript\" style=\"display: none;\">Veuillez activer JavaScript dans votre navigateur pour remplir ce formulaire.<\/div><div class=\"wpforms-field-container\"><div id=\"wpforms-724-field_9-container\" class=\"wpforms-field wpforms-field-text wpforms-one-half wpforms-first\" data-field-id=\"9\"><label class=\"wpforms-field-label\" for=\"wpforms-724-field_9\">Sortie souhait\u00e9e <span class=\"wpforms-required-label\" aria-hidden=\"true\">*<\/span><\/label><input type=\"text\" id=\"wpforms-724-field_9\" class=\"wpforms-field-large wpforms-field-required\" name=\"wpforms[fields][9]\" placeholder=\"Sortie souhait\u00e9e\" aria-errormessage=\"wpforms-724-field_9-error\" aria-describedby=\"wpforms-724-field_9-description\" required><div id=\"wpforms-724-field_9-description\" class=\"wpforms-field-description\">Nom de la sortie<\/div><\/div><div id=\"wpforms-724-field_10-container\" class=\"wpforms-field wpforms-field-text wpforms-one-half\" data-field-id=\"10\"><label class=\"wpforms-field-label\" for=\"wpforms-724-field_10\">Date de la sortie <span class=\"wpforms-required-label\" aria-hidden=\"true\">*<\/span><\/label><input type=\"text\" id=\"wpforms-724-field_10\" class=\"wpforms-field-large wpforms-field-required\" name=\"wpforms[fields][10]\" placeholder=\"Date de la sortie\" aria-errormessage=\"wpforms-724-field_10-error\" aria-describedby=\"wpforms-724-field_10-description\" required><div id=\"wpforms-724-field_10-description\" class=\"wpforms-field-description\">jj\/mm\/aaaa<\/div><\/div><div id=\"wpforms-724-field_1-container\" class=\"wpforms-field wpforms-field-text wpforms-one-half wpforms-first\" data-field-id=\"1\"><label class=\"wpforms-field-label\" for=\"wpforms-724-field_1\">Pr\u00e9nom <span class=\"wpforms-required-label\" aria-hidden=\"true\">*<\/span><\/label><input type=\"text\" id=\"wpforms-724-field_1\" class=\"wpforms-field-large wpforms-field-required\" name=\"wpforms[fields][1]\" placeholder=\"Votre pr\u00e9nom\" aria-errormessage=\"wpforms-724-field_1-error\" aria-describedby=\"wpforms-724-field_1-description\" required><div id=\"wpforms-724-field_1-description\" class=\"wpforms-field-description\">Votre pr\u00e9nom<\/div><\/div><div id=\"wpforms-724-field_2-container\" class=\"wpforms-field wpforms-field-text wpforms-one-half\" data-field-id=\"2\"><label class=\"wpforms-field-label\" for=\"wpforms-724-field_2\">Nom <span class=\"wpforms-required-label\" aria-hidden=\"true\">*<\/span><\/label><input type=\"text\" id=\"wpforms-724-field_2\" class=\"wpforms-field-large wpforms-field-required\" name=\"wpforms[fields][2]\" placeholder=\"Votre nom\" aria-errormessage=\"wpforms-724-field_2-error\" aria-describedby=\"wpforms-724-field_2-description\" required><div id=\"wpforms-724-field_2-description\" class=\"wpforms-field-description\">Votre nom<\/div><\/div><div id=\"wpforms-724-field_3-container\" class=\"wpforms-field wpforms-field-text\" data-field-id=\"3\"><label class=\"wpforms-field-label\" for=\"wpforms-724-field_3\">Adresse <span class=\"wpforms-required-label\" aria-hidden=\"true\">*<\/span><\/label><input type=\"text\" id=\"wpforms-724-field_3\" class=\"wpforms-field-large wpforms-field-required\" name=\"wpforms[fields][3]\" placeholder=\"Votre Adresse\" aria-errormessage=\"wpforms-724-field_3-error\" aria-describedby=\"wpforms-724-field_3-description\" required><div id=\"wpforms-724-field_3-description\" class=\"wpforms-field-description\">Merci d'\u00e9crire ici votre adresse compl\u00e8te<\/div><\/div><div id=\"wpforms-724-field_14-container\" class=\"wpforms-field wpforms-field-text\" data-field-id=\"14\"><label class=\"wpforms-field-label\" for=\"wpforms-724-field_14\">Votre ville <span class=\"wpforms-required-label\" aria-hidden=\"true\">*<\/span><\/label><input type=\"text\" id=\"wpforms-724-field_14\" class=\"wpforms-field-large wpforms-field-required\" name=\"wpforms[fields][14]\" placeholder=\"Votre ville\" aria-errormessage=\"wpforms-724-field_14-error\" aria-describedby=\"wpforms-724-field_14-description\" required><div id=\"wpforms-724-field_14-description\" class=\"wpforms-field-description\">Votre ville<\/div><\/div><div id=\"wpforms-724-field_18-container\" class=\"wpforms-field wpforms-field-text\" data-field-id=\"18\"><label class=\"wpforms-field-label\" for=\"wpforms-724-field_18\">T\u00e9l\u00e9phone <span class=\"wpforms-required-label\" aria-hidden=\"true\">*<\/span><\/label><input type=\"text\" id=\"wpforms-724-field_18\" class=\"wpforms-field-large wpforms-field-required\" name=\"wpforms[fields][18]\" placeholder=\"T\u00e9l\u00e9phone\" aria-errormessage=\"wpforms-724-field_18-error\" aria-describedby=\"wpforms-724-field_18-description\" required><div id=\"wpforms-724-field_18-description\" class=\"wpforms-field-description\">Ce N\u00b0 de t\u00e9l\u00e9phone devant comprendre 10 caract\u00e8res<\/div><\/div>\t\t<div id=\"wpforms-724-field_5-container\"\n\t\t\tclass=\"wpforms-field wpforms-field-text\"\n\t\t\tdata-field-type=\"text\"\n\t\t\tdata-field-id=\"5\"\n\t\t\t>\n\t\t\t<label class=\"wpforms-field-label\" for=\"wpforms-724-field_5\" >Adresse Sortie E-mail<\/label>\n\t\t\t<input type=\"text\" id=\"wpforms-724-field_5\" class=\"wpforms-field-medium\" name=\"wpforms[fields][5]\" >\n\t\t<\/div>\n\t\t<div id=\"wpforms-724-field_4-container\" class=\"wpforms-field wpforms-field-text wpforms-one-half wpforms-first\" data-field-id=\"4\"><label class=\"wpforms-field-label\" for=\"wpforms-724-field_4\">Date de naissance <span class=\"wpforms-required-label\" aria-hidden=\"true\">*<\/span><\/label><input type=\"text\" id=\"wpforms-724-field_4\" class=\"wpforms-field-large wpforms-field-required\" name=\"wpforms[fields][4]\" placeholder=\"Votre date de naissance : jj\/ mm\/aaaa\" aria-errormessage=\"wpforms-724-field_4-error\" aria-describedby=\"wpforms-724-field_4-description\" required><div id=\"wpforms-724-field_4-description\" class=\"wpforms-field-description\">Votre date de naissance : jj\/ mm\/aaaa<\/div><\/div><div id=\"wpforms-724-field_13-container\" class=\"wpforms-field wpforms-field-radio wpforms-one-half\" data-field-id=\"13\"><fieldset><legend class=\"wpforms-field-label\">Sexe<\/legend><ul id=\"wpforms-724-field_13\"><li class=\"choice-1 depth-1\"><input type=\"radio\" id=\"wpforms-724-field_13_1\" name=\"wpforms[fields][13]\" value=\"F\" aria-errormessage=\"wpforms-724-field_13_1-error\"  ><label class=\"wpforms-field-label-inline\" for=\"wpforms-724-field_13_1\">F<\/label><\/li><li class=\"choice-2 depth-1\"><input type=\"radio\" id=\"wpforms-724-field_13_2\" name=\"wpforms[fields][13]\" value=\"H\" aria-errormessage=\"wpforms-724-field_13_2-error\"  ><label class=\"wpforms-field-label-inline\" for=\"wpforms-724-field_13_2\">H<\/label><\/li><\/ul><\/fieldset><\/div><div id=\"wpforms-724-field_6-container\" class=\"wpforms-field wpforms-field-email\" data-field-id=\"6\"><label class=\"wpforms-field-label\" for=\"wpforms-724-field_6\">E-mail <span class=\"wpforms-required-label\" aria-hidden=\"true\">*<\/span><\/label><input type=\"email\" id=\"wpforms-724-field_6\" class=\"wpforms-field-large wpforms-field-required\" name=\"wpforms[fields][6]\" placeholder=\"Votre email\" spellcheck=\"false\" aria-errormessage=\"wpforms-724-field_6-error\" aria-describedby=\"wpforms-724-field_6-description\" required><div id=\"wpforms-724-field_6-description\" class=\"wpforms-field-description\">Votre email<\/div><\/div><div id=\"wpforms-724-field_15-container\" class=\"wpforms-field wpforms-field-text wpforms-one-half wpforms-first\" data-field-id=\"15\"><label class=\"wpforms-field-label\" for=\"wpforms-724-field_15\">Nom du contact si accident <span class=\"wpforms-required-label\" aria-hidden=\"true\">*<\/span><\/label><input type=\"text\" id=\"wpforms-724-field_15\" class=\"wpforms-field-large wpforms-field-required\" name=\"wpforms[fields][15]\" placeholder=\"Nom du contact si accident\" aria-errormessage=\"wpforms-724-field_15-error\" aria-describedby=\"wpforms-724-field_15-description\" required><div id=\"wpforms-724-field_15-description\" class=\"wpforms-field-description\">Nom du contact si accident<\/div><\/div><div id=\"wpforms-724-field_16-container\" class=\"wpforms-field wpforms-field-text wpforms-one-half\" data-field-id=\"16\"><label class=\"wpforms-field-label\" for=\"wpforms-724-field_16\">T\u00e9l du contact si accident <span class=\"wpforms-required-label\" aria-hidden=\"true\">*<\/span><\/label><input type=\"text\" id=\"wpforms-724-field_16\" class=\"wpforms-field-large wpforms-field-required\" name=\"wpforms[fields][16]\" placeholder=\"T\u00e9l du contact si accident\" aria-errormessage=\"wpforms-724-field_16-error\" aria-describedby=\"wpforms-724-field_16-description\" required><div id=\"wpforms-724-field_16-description\" class=\"wpforms-field-description\">Ce N\u00b0 de t\u00e9l\u00e9phone devant comprendre 10 caract\u00e8res<\/div><\/div><script>\n\t\t\t\t( function() {\n\t\t\t\t\tconst style = document.createElement( 'style' );\n\t\t\t\t\tstyle.appendChild( document.createTextNode( '#wpforms-724-field_5-container { position: absolute !important; overflow: hidden !important; display: inline !important; height: 1px !important; width: 1px !important; z-index: -1000 !important; padding: 0 !important; } #wpforms-724-field_5-container input { visibility: hidden; } #wpforms-conversational-form-page #wpforms-724-field_5-container label { counter-increment: none; }' ) );\n\t\t\t\t\tdocument.head.appendChild( style );\n\t\t\t\t\tdocument.currentScript?.remove();\n\t\t\t\t} )();\n\t\t\t<\/script><\/div><!-- .wpforms-field-container --><div class=\"wpforms-submit-container\" ><input type=\"hidden\" name=\"wpforms[id]\" value=\"724\"><input type=\"hidden\" name=\"page_title\" value=\"\"><input type=\"hidden\" name=\"page_url\" value=\"https:\/\/scacrando.fr\/scac\/wp-json\/wp\/v2\/pages\/1101\"><input type=\"hidden\" name=\"url_referer\" value=\"https:\/\/scacrando.fr\/scac\/wp-json\/wp\/v2\/pages\/1101\"><button type=\"submit\" name=\"wpforms[submit]\" id=\"wpforms-submit-724\" class=\"wpforms-submit\" data-alt-text=\"Envoi...\" data-submit-text=\"Envoyer\" aria-live=\"assertive\" value=\"wpforms-submit\">Envoyer<\/button><img decoding=\"async\" src=\"https:\/\/scacrando.fr\/scac\/wp-content\/plugins\/wpforms-lite\/assets\/images\/submit-spin.svg\" class=\"wpforms-submit-spinner\" style=\"display: none;\" width=\"26\" height=\"26\" alt=\"Chargement en cours\"><\/div><\/form><\/div>  <!-- .wpforms-container -->\t\t\t\t<\/div>\n\t\t\t\t<\/div>\n\t\t\t\t\t<\/div>\n\t\t\t\t<\/div>\n\t\t\t\t<\/div>\n\t\t","protected":false},"excerpt":{"rendered":"<p>Dans le cadre d\u2019une journ\u00e9e d\u00e9couverte du Ski Camping et Alpinisme de Cannes prise en charge d\u2019un pratiquant suivant les modalit\u00e9s ci dessous : \u2022 Possibilit\u00e9 d&rsquo;effectuer 3 essais gratuits, [&hellip;]<\/p>\n","protected":false},"author":1,"featured_media":0,"parent":0,"menu_order":0,"comment_status":"closed","ping_status":"closed","template":"","meta":{"_price":"","_stock":"","_tribe_ticket_header":"","_tribe_default_ticket_provider":"","_tribe_ticket_capacity":"0","_ticket_start_date":"","_ticket_end_date":"","_tribe_ticket_show_description":"","_tribe_ticket_show_not_going":false,"_tribe_ticket_use_global_stock":"","_tribe_ticket_global_stock_level":"","_global_stock_mode":"","_global_stock_cap":"","_tribe_rsvp_for_event":"","_tribe_ticket_going_count":"","_tribe_ticket_not_going_count":"","_tribe_tickets_list":"[]","_tribe_ticket_has_attendee_info_fields":false,"ocean_post_layout":"","ocean_both_sidebars_style":"","ocean_both_sidebars_content_width":0,"ocean_both_sidebars_sidebars_width":0,"ocean_sidebar":"","ocean_second_sidebar":"","ocean_disable_margins":"enable","ocean_add_body_class":"","ocean_shortcode_before_top_bar":"","ocean_shortcode_after_top_bar":"","ocean_shortcode_before_header":"","ocean_shortcode_after_header":"","ocean_has_shortcode":"","ocean_shortcode_after_title":"","ocean_shortcode_before_footer_widgets":"","ocean_shortcode_after_footer_widgets":"","ocean_shortcode_before_footer_bottom":"","ocean_shortcode_after_footer_bottom":"","ocean_display_top_bar":"default","ocean_display_header":"default","ocean_header_style":"","ocean_center_header_left_menu":"","ocean_custom_header_template":"","ocean_custom_logo":0,"ocean_custom_retina_logo":0,"ocean_custom_logo_max_width":0,"ocean_custom_logo_tablet_max_width":0,"ocean_custom_logo_mobile_max_width":0,"ocean_custom_logo_max_height":0,"ocean_custom_logo_tablet_max_height":0,"ocean_custom_logo_mobile_max_height":0,"ocean_header_custom_menu":"","ocean_menu_typo_font_family":"","ocean_menu_typo_font_subset":"","ocean_menu_typo_font_size":0,"ocean_menu_typo_font_size_tablet":0,"ocean_menu_typo_font_size_mobile":0,"ocean_menu_typo_font_size_unit":"px","ocean_menu_typo_font_weight":"","ocean_menu_typo_font_weight_tablet":"","ocean_menu_typo_font_weight_mobile":"","ocean_menu_typo_transform":"","ocean_menu_typo_transform_tablet":"","ocean_menu_typo_transform_mobile":"","ocean_menu_typo_line_height":0,"ocean_menu_typo_line_height_tablet":0,"ocean_menu_typo_line_height_mobile":0,"ocean_menu_typo_line_height_unit":"","ocean_menu_typo_spacing":0,"ocean_menu_typo_spacing_tablet":0,"ocean_menu_typo_spacing_mobile":0,"ocean_menu_typo_spacing_unit":"","ocean_menu_link_color":"","ocean_menu_link_color_hover":"","ocean_menu_link_color_active":"","ocean_menu_link_background":"","ocean_menu_link_hover_background":"","ocean_menu_link_active_background":"","ocean_menu_social_links_bg":"","ocean_menu_social_hover_links_bg":"","ocean_menu_social_links_color":"","ocean_menu_social_hover_links_color":"","ocean_disable_title":"default","ocean_disable_heading":"default","ocean_post_title":"","ocean_post_subheading":"","ocean_post_title_style":"","ocean_post_title_background_color":"","ocean_post_title_background":0,"ocean_post_title_bg_image_position":"","ocean_post_title_bg_image_attachment":"","ocean_post_title_bg_image_repeat":"","ocean_post_title_bg_image_size":"","ocean_post_title_height":0,"ocean_post_title_bg_overlay":0.5,"ocean_post_title_bg_overlay_color":"","ocean_disable_breadcrumbs":"default","ocean_breadcrumbs_color":"","ocean_breadcrumbs_separator_color":"","ocean_breadcrumbs_links_color":"","ocean_breadcrumbs_links_hover_color":"","ocean_display_footer_widgets":"default","ocean_display_footer_bottom":"default","ocean_custom_footer_template":"","_glsr_average":0,"_glsr_ranking":0,"_glsr_reviews":0,"footnotes":"","_tec_slr_enabled":"","_tec_slr_layout":""},"class_list":["post-1101","page","type-page","status-publish","hentry","entry"],"ticketed":false,"_links":{"self":[{"href":"https:\/\/scacrando.fr\/scac\/wp-json\/wp\/v2\/pages\/1101","targetHints":{"allow":["GET"]}}],"collection":[{"href":"https:\/\/scacrando.fr\/scac\/wp-json\/wp\/v2\/pages"}],"about":[{"href":"https:\/\/scacrando.fr\/scac\/wp-json\/wp\/v2\/types\/page"}],"author":[{"embeddable":true,"href":"https:\/\/scacrando.fr\/scac\/wp-json\/wp\/v2\/users\/1"}],"replies":[{"embeddable":true,"href":"https:\/\/scacrando.fr\/scac\/wp-json\/wp\/v2\/comments?post=1101"}],"version-history":[{"count":39,"href":"https:\/\/scacrando.fr\/scac\/wp-json\/wp\/v2\/pages\/1101\/revisions"}],"predecessor-version":[{"id":1747,"href":"https:\/\/scacrando.fr\/scac\/wp-json\/wp\/v2\/pages\/1101\/revisions\/1747"}],"wp:attachment":[{"href":"https:\/\/scacrando.fr\/scac\/wp-json\/wp\/v2\/media?parent=1101"}],"curies":[{"name":"wp","href":"https:\/\/api.w.org\/{rel}","templated":true}]}}