                  {"id":134,"date":"2024-08-22T09:37:27","date_gmt":"2024-08-22T07:37:27","guid":{"rendered":"https:\/\/scacrando.fr\/scac\/?page_id=134"},"modified":"2025-10-03T16:40:21","modified_gmt":"2025-10-03T14:40:21","slug":"lassociation","status":"publish","type":"page","link":"https:\/\/scacrando.fr\/scac\/lassociation\/","title":{"rendered":"L&rsquo;association"},"content":{"rendered":"\t\t<div data-elementor-type=\"wp-page\" data-elementor-id=\"134\" class=\"elementor elementor-134\">\n\t\t\t\t<div class=\"elementor-element elementor-element-7686c34 e-flex e-con-boxed e-con e-parent\" data-id=\"7686c34\" data-element_type=\"container\" data-e-type=\"container\">\n\t\t\t\t\t<div class=\"e-con-inner\">\n\t\t\t\t<div class=\"elementor-element elementor-element-d95683b elementor-widget elementor-widget-text-editor\" data-id=\"d95683b\" data-element_type=\"widget\" data-e-type=\"widget\" data-widget_type=\"text-editor.default\">\n\t\t\t\t<div class=\"elementor-widget-container\">\n\t\t\t\t\t\t\t\t\t<p><span style=\"color: #000000;\">L&rsquo;association de randonn\u00e9e Ski Camping Alpinisme de Cannes existe depuis 1947.<\/span><\/p><p><span style=\"color: #000000;\">L&rsquo;association organise les dimanches des sorties en moyenne et haute montagne (<i>d\u00e9nivel\u00e9 entre 500 m et 1200 m<\/i>, <i>dur\u00e9e entre 4h et 6h<\/i>), sorties sur les sentiers de notre d\u00e9partement et d\u00e9partements limitrophes.<br \/><\/span><br \/><span style=\"color: #000000;\">Au cours de l\u2019ann\u00e9e, l\u2019association organise \u00e9galement :<br \/><\/span><br \/><span style=\"color: #000000;\">\u2022 Un s\u00e9jour (<i>France ou \u00e9tranger<\/i>),<br \/><\/span><span style=\"color: #000000;\">\u2022 Des week-ends,<\/span><br \/><span style=\"color: #000000;\">\u2022 Une sortie touristique.<\/span><\/p><p><span style=\"color: #000000;\">Nous sommes ouverts \u00e0 tous les niveaux de marche, par tous les temps (<em>hors orages<\/em>), tous les terrains, sans contrainte.<\/span><\/p><p><span style=\"color: #000000;\">La pratique de la randonn\u00e9e en tant qu&rsquo;activit\u00e9 de plein air est accessible \u00e0 tous, tout en respectant l&rsquo;environnement. Nous respectons les r\u00e8gles de s\u00e9curit\u00e9 et suivons les <\/span><a href=\"https:\/\/scacrando.fr\/scac\/code-de-bonne-conduite-du-randonneur\/\"><span style=\"text-decoration: underline;\"><strong><span style=\"color: #3366ff; text-decoration: underline;\"><span class=\"s1\">Codes de conduite du<\/span><\/span><span style=\"color: #3366ff; text-decoration: underline;\"><span class=\"s1\"> randonneur<\/span><\/span><\/strong><\/span><\/a> <span style=\"color: #000000;\">en milieu naturel.<\/span><\/p><p><span style=\"color: #000000;\">Chaque adh\u00e9rent re\u00e7oit le programme avec tous les renseignements n\u00e9cessaires. <\/span><span style=\"color: #000000;\">En cas de modifications, les personnes inscrites seront inform\u00e9es pr\u00e9alablement par e-mail.<\/span><\/p><p><span style=\"color: #000000;\">Rejoignez-nous pour d\u00e9couvrir de magnifiques paysages synonymes de partage, pour profiter de l\u2019amiti\u00e9 et de l&rsquo;esprit de groupe afin que chacun s\u2019\u00e9panouisse lors de nos randonn\u00e9es.<\/span><\/p><p><span style=\"color: #000000;\">D\u00e9couvrez <a href=\"https:\/\/scacrando.fr\/scac\/reservez-votre-randonnee-propositions-edl\/\"><span style=\"text-decoration: underline; color: #3366ff;\"><strong>nos <span class=\"s1\">activit\u00e9s<\/span><\/strong><\/span><\/a> pour vous inscrire \u00e0 l&rsquo;une de nos prochaines sorties.<\/span><\/p>\t\t\t\t\t\t\t\t<\/div>\n\t\t\t\t<\/div>\n\t\t\t\t\t<\/div>\n\t\t\t\t<\/div>\n\t\t<div class=\"elementor-element elementor-element-a8ea504 e-flex e-con-boxed e-con e-parent\" data-id=\"a8ea504\" data-element_type=\"container\" data-e-type=\"container\">\n\t\t\t\t\t<div class=\"e-con-inner\">\n\t\t\t\t<div class=\"elementor-element elementor-element-3cfb6eb elementor-widget elementor-widget-heading\" data-id=\"3cfb6eb\" data-element_type=\"widget\" data-e-type=\"widget\" data-widget_type=\"heading.default\">\n\t\t\t\t<div class=\"elementor-widget-container\">\n\t\t\t\t\t<h2 class=\"elementor-heading-title elementor-size-default\">Notre \u00e9quipe :<\/h2>\t\t\t\t<\/div>\n\t\t\t\t<\/div>\n\t\t\t\t\t<\/div>\n\t\t\t\t<\/div>\n\t\t<div class=\"elementor-element elementor-element-4fb8e38 e-flex e-con-boxed e-con e-parent\" data-id=\"4fb8e38\" data-element_type=\"container\" data-e-type=\"container\">\n\t\t\t\t\t<div class=\"e-con-inner\">\n\t\t<div class=\"elementor-element elementor-element-76b5de1 e-con-full e-flex e-con e-child\" data-id=\"76b5de1\" data-element_type=\"container\" data-e-type=\"container\">\n\t\t\t\t<div class=\"elementor-element elementor-element-db11679 elementor-widget elementor-widget-image\" data-id=\"db11679\" data-element_type=\"widget\" data-e-type=\"widget\" data-widget_type=\"image.default\">\n\t\t\t\t<div class=\"elementor-widget-container\">\n\t\t\t\t\t\t\t\t\t\t\t\t\t\t\t<img fetchpriority=\"high\" decoding=\"async\" width=\"201\" height=\"287\" src=\"https:\/\/scacrando.fr\/scac\/wp-content\/uploads\/2024\/08\/Martine.jpeg\" class=\"attachment-large size-large wp-image-165\" alt=\"\" \/>\t\t\t\t\t\t\t\t\t\t\t\t\t\t\t<\/div>\n\t\t\t\t<\/div>\n\t\t\t\t<\/div>\n\t\t<div class=\"elementor-element elementor-element-23a45c3 e-con-full e-flex e-con e-child\" data-id=\"23a45c3\" data-element_type=\"container\" data-e-type=\"container\">\n\t\t\t\t<div class=\"elementor-element elementor-element-fcca636 elementor-widget elementor-widget-spacer\" data-id=\"fcca636\" data-element_type=\"widget\" data-e-type=\"widget\" data-widget_type=\"spacer.default\">\n\t\t\t\t<div class=\"elementor-widget-container\">\n\t\t\t\t\t\t\t<div class=\"elementor-spacer\">\n\t\t\t<div class=\"elementor-spacer-inner\"><\/div>\n\t\t<\/div>\n\t\t\t\t\t\t<\/div>\n\t\t\t\t<\/div>\n\t\t\t\t<div class=\"elementor-element elementor-element-6043557 elementor-widget elementor-widget-heading\" data-id=\"6043557\" data-element_type=\"widget\" data-e-type=\"widget\" data-widget_type=\"heading.default\">\n\t\t\t\t<div class=\"elementor-widget-container\">\n\t\t\t\t\t<h2 class=\"elementor-heading-title elementor-size-default\">Martine\n<\/h2>\t\t\t\t<\/div>\n\t\t\t\t<\/div>\n\t\t\t\t<div class=\"elementor-element elementor-element-fe09734 elementor-widget elementor-widget-text-editor\" data-id=\"fe09734\" data-element_type=\"widget\" data-e-type=\"widget\" data-widget_type=\"text-editor.default\">\n\t\t\t\t<div class=\"elementor-widget-container\">\n\t\t\t\t\t\t\t\t\t<p class=\"p1\"><span style=\"color: #000000;\"><i>Rentr\u00e9e toute jeune dans l\u2019association j\u2019ai eu la chance de c\u00f4toyer beaucoup d\u2019anciens qui ne sont plus l\u00e0, ils m\u2019ont transmis leur passion de la montagne que je souhaite vous apporter et perp\u00e9trer tout ce qu\u2019il m\u2019ont appris en arpentant nos sentiers ensemble.<\/i><\/span><\/p><p class=\"p1\"><span style=\"color: #000000;\"><i>A bient\u00f4t sur les chemins &#8230;<\/i><\/span><\/p>\t\t\t\t\t\t\t\t<\/div>\n\t\t\t\t<\/div>\n\t\t\t\t<\/div>\n\t\t\t\t\t<\/div>\n\t\t\t\t<\/div>\n\t\t<div class=\"elementor-element elementor-element-77d9b7f e-flex e-con-boxed e-con e-parent\" data-id=\"77d9b7f\" data-element_type=\"container\" data-e-type=\"container\">\n\t\t\t\t\t<div class=\"e-con-inner\">\n\t\t\t\t<div class=\"elementor-element elementor-element-2a40d50 elementor-widget-divider--view-line elementor-widget elementor-widget-divider\" data-id=\"2a40d50\" data-element_type=\"widget\" data-e-type=\"widget\" data-widget_type=\"divider.default\">\n\t\t\t\t<div class=\"elementor-widget-container\">\n\t\t\t\t\t\t\t<div class=\"elementor-divider\">\n\t\t\t<span class=\"elementor-divider-separator\">\n\t\t\t\t\t\t<\/span>\n\t\t<\/div>\n\t\t\t\t\t\t<\/div>\n\t\t\t\t<\/div>\n\t\t\t\t\t<\/div>\n\t\t\t\t<\/div>\n\t\t<div class=\"elementor-element elementor-element-bcd1aa3 e-flex e-con-boxed e-con e-parent\" data-id=\"bcd1aa3\" data-element_type=\"container\" data-e-type=\"container\">\n\t\t\t\t\t<div class=\"e-con-inner\">\n\t\t<div class=\"elementor-element elementor-element-454c1b9 e-con-full e-flex e-con e-child\" data-id=\"454c1b9\" data-element_type=\"container\" data-e-type=\"container\">\n\t\t\t\t<div class=\"elementor-element elementor-element-72d97f2 elementor-widget elementor-widget-spacer\" data-id=\"72d97f2\" data-element_type=\"widget\" data-e-type=\"widget\" data-widget_type=\"spacer.default\">\n\t\t\t\t<div class=\"elementor-widget-container\">\n\t\t\t\t\t\t\t<div class=\"elementor-spacer\">\n\t\t\t<div class=\"elementor-spacer-inner\"><\/div>\n\t\t<\/div>\n\t\t\t\t\t\t<\/div>\n\t\t\t\t<\/div>\n\t\t\t\t<div class=\"elementor-element elementor-element-85fbc89 elementor-widget elementor-widget-heading\" data-id=\"85fbc89\" data-element_type=\"widget\" data-e-type=\"widget\" data-widget_type=\"heading.default\">\n\t\t\t\t<div class=\"elementor-widget-container\">\n\t\t\t\t\t<h2 class=\"elementor-heading-title elementor-size-default\">Alain\n<\/h2>\t\t\t\t<\/div>\n\t\t\t\t<\/div>\n\t\t\t\t<div class=\"elementor-element elementor-element-d6a6cd1 elementor-widget elementor-widget-text-editor\" data-id=\"d6a6cd1\" data-element_type=\"widget\" data-e-type=\"widget\" data-widget_type=\"text-editor.default\">\n\t\t\t\t<div class=\"elementor-widget-container\">\n\t\t\t\t\t\t\t\t\t<p><span style=\"color: #000000;\"><i>Depuis de nombreuses ann\u00e9es en compagnie de mes amis randonneurs j\u2019arpente les sentiers de notre merveilleuse r\u00e9gion.<\/i><\/span><\/p><p><span style=\"color: #000000;\"><i>J\u2019appr\u00e9cie le contact relationnel et souvent passionn\u00e9 que l\u2019on peut \u00e9tablir lors de nos escapades sur les sentiers du 06 , mais \u00e9galement des autres r\u00e9gions voire autres pays.<\/i><\/span><\/p><p><span style=\"color: #000000;\"><i>Au plaisir de continuer \u00e0 faire un bout de chemin ensemble.<\/i><\/span><\/p><p><span style=\"color: #000000;\"><i>A bient\u00f4t sur les chemins &#8230;<\/i><\/span><\/p>\t\t\t\t\t\t\t\t<\/div>\n\t\t\t\t<\/div>\n\t\t\t\t<\/div>\n\t\t<div class=\"elementor-element elementor-element-46c9497 e-con-full e-flex e-con e-child\" data-id=\"46c9497\" data-element_type=\"container\" data-e-type=\"container\">\n\t\t\t\t<div class=\"elementor-element elementor-element-092ee7a elementor-widget elementor-widget-image\" data-id=\"092ee7a\" data-element_type=\"widget\" data-e-type=\"widget\" data-widget_type=\"image.default\">\n\t\t\t\t<div class=\"elementor-widget-container\">\n\t\t\t\t\t\t\t\t\t\t\t\t\t\t\t<img decoding=\"async\" width=\"194\" height=\"365\" src=\"https:\/\/scacrando.fr\/scac\/wp-content\/uploads\/2024\/08\/alain.png\" class=\"attachment-large size-large wp-image-194\" alt=\"\" srcset=\"https:\/\/scacrando.fr\/scac\/wp-content\/uploads\/2024\/08\/alain.png 194w, https:\/\/scacrando.fr\/scac\/wp-content\/uploads\/2024\/08\/alain-159x300.png 159w\" sizes=\"(max-width: 194px) 100vw, 194px\" \/>\t\t\t\t\t\t\t\t\t\t\t\t\t\t\t<\/div>\n\t\t\t\t<\/div>\n\t\t\t\t<\/div>\n\t\t\t\t\t<\/div>\n\t\t\t\t<\/div>\n\t\t<div class=\"elementor-element elementor-element-a2a32db e-flex e-con-boxed e-con e-parent\" data-id=\"a2a32db\" data-element_type=\"container\" data-e-type=\"container\">\n\t\t\t\t\t<div class=\"e-con-inner\">\n\t\t\t\t<div class=\"elementor-element elementor-element-e1e9839 elementor-widget-divider--view-line elementor-widget elementor-widget-divider\" data-id=\"e1e9839\" data-element_type=\"widget\" data-e-type=\"widget\" data-widget_type=\"divider.default\">\n\t\t\t\t<div class=\"elementor-widget-container\">\n\t\t\t\t\t\t\t<div class=\"elementor-divider\">\n\t\t\t<span class=\"elementor-divider-separator\">\n\t\t\t\t\t\t<\/span>\n\t\t<\/div>\n\t\t\t\t\t\t<\/div>\n\t\t\t\t<\/div>\n\t\t\t\t\t<\/div>\n\t\t\t\t<\/div>\n\t\t<div class=\"elementor-element elementor-element-1cb5772 e-flex e-con-boxed e-con e-parent\" data-id=\"1cb5772\" data-element_type=\"container\" data-e-type=\"container\">\n\t\t\t\t\t<div class=\"e-con-inner\">\n\t\t<div class=\"elementor-element elementor-element-f8c60da e-con-full e-flex e-con e-child\" data-id=\"f8c60da\" data-element_type=\"container\" data-e-type=\"container\">\n\t\t\t\t<div class=\"elementor-element elementor-element-7521f45 elementor-widget elementor-widget-image\" data-id=\"7521f45\" data-element_type=\"widget\" data-e-type=\"widget\" data-widget_type=\"image.default\">\n\t\t\t\t<div class=\"elementor-widget-container\">\n\t\t\t\t\t\t\t\t\t\t\t\t\t\t\t<img decoding=\"async\" width=\"230\" height=\"302\" src=\"https:\/\/scacrando.fr\/scac\/wp-content\/uploads\/2024\/08\/Patrick.jpeg\" class=\"attachment-large size-large wp-image-166\" alt=\"\" srcset=\"https:\/\/scacrando.fr\/scac\/wp-content\/uploads\/2024\/08\/Patrick.jpeg 230w, https:\/\/scacrando.fr\/scac\/wp-content\/uploads\/2024\/08\/Patrick-228x300.jpeg 228w\" sizes=\"(max-width: 230px) 100vw, 230px\" \/>\t\t\t\t\t\t\t\t\t\t\t\t\t\t\t<\/div>\n\t\t\t\t<\/div>\n\t\t\t\t<\/div>\n\t\t<div class=\"elementor-element elementor-element-70463af e-con-full e-flex e-con e-child\" data-id=\"70463af\" data-element_type=\"container\" data-e-type=\"container\">\n\t\t\t\t<div class=\"elementor-element elementor-element-cf4de69 elementor-widget elementor-widget-spacer\" data-id=\"cf4de69\" data-element_type=\"widget\" data-e-type=\"widget\" data-widget_type=\"spacer.default\">\n\t\t\t\t<div class=\"elementor-widget-container\">\n\t\t\t\t\t\t\t<div class=\"elementor-spacer\">\n\t\t\t<div class=\"elementor-spacer-inner\"><\/div>\n\t\t<\/div>\n\t\t\t\t\t\t<\/div>\n\t\t\t\t<\/div>\n\t\t\t\t<div class=\"elementor-element elementor-element-b3f1261 elementor-widget elementor-widget-heading\" data-id=\"b3f1261\" data-element_type=\"widget\" data-e-type=\"widget\" data-widget_type=\"heading.default\">\n\t\t\t\t<div class=\"elementor-widget-container\">\n\t\t\t\t\t<h2 class=\"elementor-heading-title elementor-size-default\">Patrick\n\n<\/h2>\t\t\t\t<\/div>\n\t\t\t\t<\/div>\n\t\t\t\t<div class=\"elementor-element elementor-element-17ad2cd elementor-widget elementor-widget-text-editor\" data-id=\"17ad2cd\" data-element_type=\"widget\" data-e-type=\"widget\" data-widget_type=\"text-editor.default\">\n\t\t\t\t<div class=\"elementor-widget-container\">\n\t\t\t\t\t\t\t\t\t<p class=\"p1\" style=\"font-variant-ligatures: normal; font-variant-caps: normal; font-family: Roboto, sans-serif; font-size: 14px; font-style: normal; font-weight: 400;\"><span style=\"font-size: 14px; color: #000000;\"><i style=\"font-size: 14px;\">Amoureux de montagne et grands espaces, passion de faire d\u00e9couvrir et partager, qi gong, m\u00e9ditation, un plus pour des randonn\u00e9es en pleine conscience.<\/i><\/span><\/p><p class=\"p1\" style=\"font-variant-ligatures: normal; font-variant-caps: normal; font-family: Roboto, sans-serif; font-size: 14px; font-style: normal; font-weight: 400;\"><span style=\"font-size: 14px; color: #000000;\"><i style=\"font-size: 14px;\">Au plaisir de vous initier &#8230;<\/i><\/span><\/p>\t\t\t\t\t\t\t\t<\/div>\n\t\t\t\t<\/div>\n\t\t\t\t<\/div>\n\t\t\t\t\t<\/div>\n\t\t\t\t<\/div>\n\t\t<div class=\"elementor-element elementor-element-a0ca54a e-flex e-con-boxed e-con e-parent\" data-id=\"a0ca54a\" data-element_type=\"container\" data-e-type=\"container\">\n\t\t\t\t\t<div class=\"e-con-inner\">\n\t\t\t\t<div class=\"elementor-element elementor-element-cae5980 elementor-widget-divider--view-line elementor-widget elementor-widget-divider\" data-id=\"cae5980\" data-element_type=\"widget\" data-e-type=\"widget\" data-widget_type=\"divider.default\">\n\t\t\t\t<div class=\"elementor-widget-container\">\n\t\t\t\t\t\t\t<div class=\"elementor-divider\">\n\t\t\t<span class=\"elementor-divider-separator\">\n\t\t\t\t\t\t<\/span>\n\t\t<\/div>\n\t\t\t\t\t\t<\/div>\n\t\t\t\t<\/div>\n\t\t\t\t\t<\/div>\n\t\t\t\t<\/div>\n\t\t\t\t<\/div>\n\t\t","protected":false},"excerpt":{"rendered":"<p>L&rsquo;association de randonn\u00e9e Ski Camping Alpinisme de Cannes existe depuis 1947. L&rsquo;association organise les dimanches des sorties en moyenne et haute montagne (d\u00e9nivel\u00e9 entre 500 m et 1200 m, dur\u00e9e [&hellip;]<\/p>\n","protected":false},"author":1,"featured_media":0,"parent":0,"menu_order":0,"comment_status":"closed","ping_status":"closed","template":"","meta":{"_price":"","_stock":"","_tribe_ticket_header":"","_tribe_default_ticket_provider":"","_tribe_ticket_capacity":"0","_ticket_start_date":"","_ticket_end_date":"","_tribe_ticket_show_description":"","_tribe_ticket_show_not_going":false,"_tribe_ticket_use_global_stock":"","_tribe_ticket_global_stock_level":"","_global_stock_mode":"","_global_stock_cap":"","_tribe_rsvp_for_event":"","_tribe_ticket_going_count":"","_tribe_ticket_not_going_count":"","_tribe_tickets_list":"[]","_tribe_ticket_has_attendee_info_fields":false,"ocean_post_layout":"","ocean_both_sidebars_style":"","ocean_both_sidebars_content_width":0,"ocean_both_sidebars_sidebars_width":0,"ocean_sidebar":"","ocean_second_sidebar":"","ocean_disable_margins":"enable","ocean_add_body_class":"","ocean_shortcode_before_top_bar":"","ocean_shortcode_after_top_bar":"","ocean_shortcode_before_header":"","ocean_shortcode_after_header":"","ocean_has_shortcode":"","ocean_shortcode_after_title":"","ocean_shortcode_before_footer_widgets":"","ocean_shortcode_after_footer_widgets":"","ocean_shortcode_before_footer_bottom":"","ocean_shortcode_after_footer_bottom":"","ocean_display_top_bar":"default","ocean_display_header":"default","ocean_header_style":"","ocean_center_header_left_menu":"","ocean_custom_header_template":"","ocean_custom_logo":0,"ocean_custom_retina_logo":0,"ocean_custom_logo_max_width":0,"ocean_custom_logo_tablet_max_width":0,"ocean_custom_logo_mobile_max_width":0,"ocean_custom_logo_max_height":0,"ocean_custom_logo_tablet_max_height":0,"ocean_custom_logo_mobile_max_height":0,"ocean_header_custom_menu":"5","ocean_menu_typo_font_family":"","ocean_menu_typo_font_subset":"","ocean_menu_typo_font_size":0,"ocean_menu_typo_font_size_tablet":0,"ocean_menu_typo_font_size_mobile":0,"ocean_menu_typo_font_size_unit":"px","ocean_menu_typo_font_weight":"","ocean_menu_typo_font_weight_tablet":"","ocean_menu_typo_font_weight_mobile":"","ocean_menu_typo_transform":"","ocean_menu_typo_transform_tablet":"","ocean_menu_typo_transform_mobile":"","ocean_menu_typo_line_height":0,"ocean_menu_typo_line_height_tablet":0,"ocean_menu_typo_line_height_mobile":0,"ocean_menu_typo_line_height_unit":"","ocean_menu_typo_spacing":0,"ocean_menu_typo_spacing_tablet":0,"ocean_menu_typo_spacing_mobile":0,"ocean_menu_typo_spacing_unit":"","ocean_menu_link_color":"","ocean_menu_link_color_hover":"","ocean_menu_link_color_active":"","ocean_menu_link_background":"","ocean_menu_link_hover_background":"","ocean_menu_link_active_background":"","ocean_menu_social_links_bg":"","ocean_menu_social_hover_links_bg":"","ocean_menu_social_links_color":"","ocean_menu_social_hover_links_color":"","ocean_disable_title":"default","ocean_disable_heading":"default","ocean_post_title":"","ocean_post_subheading":"","ocean_post_title_style":"","ocean_post_title_background_color":"","ocean_post_title_background":0,"ocean_post_title_bg_image_position":"","ocean_post_title_bg_image_attachment":"","ocean_post_title_bg_image_repeat":"","ocean_post_title_bg_image_size":"","ocean_post_title_height":0,"ocean_post_title_bg_overlay":0.5,"ocean_post_title_bg_overlay_color":"","ocean_disable_breadcrumbs":"default","ocean_breadcrumbs_color":"","ocean_breadcrumbs_separator_color":"","ocean_breadcrumbs_links_color":"","ocean_breadcrumbs_links_hover_color":"","ocean_display_footer_widgets":"default","ocean_display_footer_bottom":"default","ocean_custom_footer_template":"","_glsr_average":0,"_glsr_ranking":0,"_glsr_reviews":0,"footnotes":"","_tec_slr_enabled":"","_tec_slr_layout":""},"class_list":["post-134","page","type-page","status-publish","hentry","entry"],"ticketed":false,"_links":{"self":[{"href":"https:\/\/scacrando.fr\/scac\/wp-json\/wp\/v2\/pages\/134","targetHints":{"allow":["GET"]}}],"collection":[{"href":"https:\/\/scacrando.fr\/scac\/wp-json\/wp\/v2\/pages"}],"about":[{"href":"https:\/\/scacrando.fr\/scac\/wp-json\/wp\/v2\/types\/page"}],"author":[{"embeddable":true,"href":"https:\/\/scacrando.fr\/scac\/wp-json\/wp\/v2\/users\/1"}],"replies":[{"embeddable":true,"href":"https:\/\/scacrando.fr\/scac\/wp-json\/wp\/v2\/comments?post=134"}],"version-history":[{"count":138,"href":"https:\/\/scacrando.fr\/scac\/wp-json\/wp\/v2\/pages\/134\/revisions"}],"predecessor-version":[{"id":3640,"href":"https:\/\/scacrando.fr\/scac\/wp-json\/wp\/v2\/pages\/134\/revisions\/3640"}],"wp:attachment":[{"href":"https:\/\/scacrando.fr\/scac\/wp-json\/wp\/v2\/media?parent=134"}],"curies":[{"name":"wp","href":"https:\/\/api.w.org\/{rel}","templated":true}]}}