                  {"id":216,"date":"2024-08-22T11:43:42","date_gmt":"2024-08-22T09:43:42","guid":{"rendered":"https:\/\/scacrando.fr\/scac\/?page_id=216"},"modified":"2025-11-10T23:05:24","modified_gmt":"2025-11-10T22:05:24","slug":"adherez","status":"publish","type":"page","link":"https:\/\/scacrando.fr\/scac\/adherez\/","title":{"rendered":"Adh\u00e9rez"},"content":{"rendered":"\t\t<div data-elementor-type=\"wp-page\" data-elementor-id=\"216\" class=\"elementor elementor-216\">\n\t\t\t\t<div class=\"elementor-element elementor-element-f6bd6f9 e-flex e-con-boxed e-con e-parent\" data-id=\"f6bd6f9\" data-element_type=\"container\" data-e-type=\"container\">\n\t\t\t\t\t<div class=\"e-con-inner\">\n\t\t\t\t<div class=\"elementor-element elementor-element-7d2dc01 elementor-widget elementor-widget-heading\" data-id=\"7d2dc01\" data-element_type=\"widget\" data-e-type=\"widget\" data-widget_type=\"heading.default\">\n\t\t\t\t<div class=\"elementor-widget-container\">\n\t\t\t\t\t<h2 class=\"elementor-heading-title elementor-size-default\">Adh\u00e9rez \u00e0 l'ann\u00e9e en cours<\/h2>\t\t\t\t<\/div>\n\t\t\t\t<\/div>\n\t\t\t\t\t<\/div>\n\t\t\t\t<\/div>\n\t\t<div class=\"elementor-element elementor-element-151a0b5 e-flex e-con-boxed e-con e-parent\" data-id=\"151a0b5\" data-element_type=\"container\" data-e-type=\"container\">\n\t\t\t\t\t<div class=\"e-con-inner\">\n\t\t\t\t<div class=\"elementor-element elementor-element-09a9546 elementor-widget elementor-widget-image\" data-id=\"09a9546\" data-element_type=\"widget\" data-e-type=\"widget\" data-widget_type=\"image.default\">\n\t\t\t\t<div class=\"elementor-widget-container\">\n\t\t\t\t\t\t\t\t\t\t\t\t\t\t\t<img fetchpriority=\"high\" decoding=\"async\" width=\"560\" height=\"105\" src=\"https:\/\/scacrando.fr\/scac\/wp-content\/uploads\/2024\/08\/adherezhaut.png\" class=\"attachment-large size-large wp-image-222\" alt=\"\" srcset=\"https:\/\/scacrando.fr\/scac\/wp-content\/uploads\/2024\/08\/adherezhaut.png 560w, https:\/\/scacrando.fr\/scac\/wp-content\/uploads\/2024\/08\/adherezhaut-300x56.png 300w\" sizes=\"(max-width: 560px) 100vw, 560px\" \/>\t\t\t\t\t\t\t\t\t\t\t\t\t\t\t<\/div>\n\t\t\t\t<\/div>\n\t\t\t\t\t<\/div>\n\t\t\t\t<\/div>\n\t\t<div class=\"elementor-element elementor-element-7dd37ef e-flex e-con-boxed e-con e-parent\" data-id=\"7dd37ef\" data-element_type=\"container\" data-e-type=\"container\">\n\t\t\t\t\t<div class=\"e-con-inner\">\n\t\t\t\t<div class=\"elementor-element elementor-element-d0a032c elementor-widget elementor-widget-text-editor\" data-id=\"d0a032c\" data-element_type=\"widget\" data-e-type=\"widget\" data-widget_type=\"text-editor.default\">\n\t\t\t\t<div class=\"elementor-widget-container\">\n\t\t\t\t\t\t\t\t\t<p class=\"p1\"><span style=\"color: #000000;\">J&rsquo;ai not\u00e9 que la loi N\u00b0 84-610 du 16 juillet 1984 fait obligation aux associations d&rsquo;une f\u00e9d\u00e9ration sportive d&rsquo;assurer leur responsabilit\u00e9 civile et celle de leurs adh\u00e9rents.<\/span><\/p><p class=\"p1\"><span style=\"color: #000000;\">Je reconnais qu&rsquo;outre cette garantie qui me sera requise, il m&rsquo;a \u00e9t\u00e9 propos\u00e9 une assurance pour couvrir mes propres accidents corporels.<\/span><\/p><p class=\"p1\"><span style=\"color: #000000;\">En outre je m&rsquo;engage \u00e0 \u00eatre convenablement \u00e9quip\u00e9 pour les activit\u00e9s auxquelles je participerai.<\/span><\/p><p class=\"p1\"><span style=\"color: #000000;\">Si toutefois je d\u00e9cidais de <span class=\"s1\">randonner individuellement<\/span> au cour des sorties organis\u00e9es par le SCAC, c&rsquo;est \u00e0 dire d&rsquo;utiliser les services de l&rsquo;association<\/span><\/p><p class=\"p1\"><span style=\"color: #000000;\">(assurances, transports et itin\u00e9raires propos\u00e9s), mais de randonner <span class=\"s1\" style=\"color: #993300;\"><span style=\"color: #000000;\">hors des groupes constitu\u00e9s<\/span> <\/span>\u00a0au d\u00e9part des randonn\u00e9es, je d\u00e9charge cette association <span class=\"s1\">de toutes responsabilit\u00e9s<\/span> et<span class=\"s1\"> renonce \u00e0 toutes poursuites<\/span> envers elle pour les accidents qui pourraient m&rsquo;arriver en cours<span class=\"s2\"> de <\/span><span class=\"s3\">randonn\u00e9es hors d&rsquo;un groupe constitu\u00e9<\/span><span class=\"s2\">.<\/span><\/span><\/p>\t\t\t\t\t\t\t\t<\/div>\n\t\t\t\t<\/div>\n\t\t\t\t\t<\/div>\n\t\t\t\t<\/div>\n\t\t<div class=\"elementor-element elementor-element-c08c44b e-flex e-con-boxed e-con e-parent\" data-id=\"c08c44b\" data-element_type=\"container\" data-e-type=\"container\">\n\t\t\t\t\t<div class=\"e-con-inner\">\n\t\t\t\t<div class=\"elementor-element elementor-element-3df6667 elementor-widget elementor-widget-text-editor\" data-id=\"3df6667\" data-element_type=\"widget\" data-e-type=\"widget\" data-widget_type=\"text-editor.default\">\n\t\t\t\t<div class=\"elementor-widget-container\">\n\t\t\t\t\t\t\t\t\t<p class=\"p1\"><span style=\"color: #000000;\">Cotisation club obligatoire : <span class=\"s1\" style=\"color: #993366;\"><strong>30 \u20ac<br \/><\/strong><br \/><\/span><\/span><span style=\"color: #000000;\">Licence IRA FFRandonn\u00e9e obligatoire : <strong><span class=\"s2\" style=\"color: #993366;\">37 \u20ac<\/span><\/strong><\/span><\/p><p class=\"p1\"><span style=\"color: #000000;\">Montant de votre r\u00e8glement\u00a0 : <strong><span class=\"s2\" style=\"color: #993366;\">67 \u20ac \u00e0 l&rsquo;ordre du SCAC<\/span><\/strong><\/span><\/p><p class=\"p1\"><span style=\"color: #000000;\">A l&rsquo;adresse : <strong>Ski Camping Alpinisme de Cannes &#8211; 5 Boulevard Cointet &#8211;\u00a0 Les Mimos\u00e9es E10 &#8211;\u00a0 06400 Cannes<\/strong><\/span><\/p><p class=\"p1\"><span style=\"color: #000000;\">T\u00e9l\u00e9charger le <span style=\"color: #3366ff;\"><strong><span style=\"text-decoration: underline;\"><a style=\"color: #3366ff;\" href=\"https:\/\/scacrando.fr\/scac\/download\/1300\/\" target=\"_blank\" rel=\"noopener\">RIB<\/a> <\/span><\/strong><\/span>si besoin.<\/span><\/p><p><span style=\"color: #000000;\"><span class=\"s3\">Mail :\u00a0<\/span><a href=\"mailto:randoscac@gmail.com\"><span class=\"s2\">randoscac@gmail.com<\/span><\/a><\/span><\/p>\t\t\t\t\t\t\t\t<\/div>\n\t\t\t\t<\/div>\n\t\t\t\t\t<\/div>\n\t\t\t\t<\/div>\n\t\t<div class=\"elementor-element elementor-element-7fb8737 e-flex e-con-boxed e-con e-parent\" data-id=\"7fb8737\" data-element_type=\"container\" data-e-type=\"container\">\n\t\t\t\t\t<div class=\"e-con-inner\">\n\t\t\t\t<div class=\"elementor-element elementor-element-e161b3a elementor-widget elementor-widget-wpforms\" data-id=\"e161b3a\" data-element_type=\"widget\" data-e-type=\"widget\" data-widget_type=\"wpforms.default\">\n\t\t\t\t<div class=\"elementor-widget-container\">\n\t\t\t\t\t<div class=\"wpforms-container wpforms-container-full wpforms-render-modern\" id=\"wpforms-497\"><form id=\"wpforms-form-497\" class=\"wpforms-validate wpforms-form wpforms-ajax-form\" data-formid=\"497\" method=\"post\" enctype=\"multipart\/form-data\" action=\"\/scac\/wp-json\/wp\/v2\/pages\/216\" data-token=\"edb61c6c31722bfcf5468e42947df7ba\" data-token-time=\"1777458667\"><noscript class=\"wpforms-error-noscript\">Veuillez activer JavaScript dans votre navigateur pour remplir ce formulaire.<\/noscript><div id=\"wpforms-error-noscript\" style=\"display: none;\">Veuillez activer JavaScript dans votre navigateur pour remplir ce formulaire.<\/div><div class=\"wpforms-field-container\"><div id=\"wpforms-497-field_1-container\" class=\"wpforms-field wpforms-field-text wpforms-one-half wpforms-first\" data-field-id=\"1\"><label class=\"wpforms-field-label\" for=\"wpforms-497-field_1\">Pr\u00e9nom <span class=\"wpforms-required-label\" aria-hidden=\"true\">*<\/span><\/label><input type=\"text\" id=\"wpforms-497-field_1\" class=\"wpforms-field-large wpforms-field-required\" name=\"wpforms[fields][1]\" placeholder=\"Votre pr\u00e9nom\" aria-errormessage=\"wpforms-497-field_1-error\" aria-describedby=\"wpforms-497-field_1-description\" required><div id=\"wpforms-497-field_1-description\" class=\"wpforms-field-description\">Votre pr\u00e9nom<\/div><\/div><div id=\"wpforms-497-field_2-container\" class=\"wpforms-field wpforms-field-text wpforms-one-half\" data-field-id=\"2\"><label class=\"wpforms-field-label\" for=\"wpforms-497-field_2\">Nom <span class=\"wpforms-required-label\" aria-hidden=\"true\">*<\/span><\/label><input type=\"text\" id=\"wpforms-497-field_2\" class=\"wpforms-field-large wpforms-field-required\" name=\"wpforms[fields][2]\" placeholder=\"Votre nom\" aria-errormessage=\"wpforms-497-field_2-error\" aria-describedby=\"wpforms-497-field_2-description\" required><div id=\"wpforms-497-field_2-description\" class=\"wpforms-field-description\">Votre nom<\/div><\/div><div id=\"wpforms-497-field_3-container\" class=\"wpforms-field wpforms-field-text\" data-field-id=\"3\"><label class=\"wpforms-field-label\" for=\"wpforms-497-field_3\">Adresse <span class=\"wpforms-required-label\" aria-hidden=\"true\">*<\/span><\/label><input type=\"text\" id=\"wpforms-497-field_3\" class=\"wpforms-field-large wpforms-field-required\" name=\"wpforms[fields][3]\" placeholder=\"Votre Adresse\" aria-errormessage=\"wpforms-497-field_3-error\" aria-describedby=\"wpforms-497-field_3-description\" required><div id=\"wpforms-497-field_3-description\" class=\"wpforms-field-description\">Merci d'\u00e9crire ici votre adresse compl\u00e8te<\/div><\/div>\t\t<div id=\"wpforms-497-field_8-container\"\n\t\t\tclass=\"wpforms-field wpforms-field-text\"\n\t\t\tdata-field-type=\"text\"\n\t\t\tdata-field-id=\"8\"\n\t\t\t>\n\t\t\t<label class=\"wpforms-field-label\" for=\"wpforms-497-field_8\" >\u00e0 Date Nom<\/label>\n\t\t\t<input type=\"text\" id=\"wpforms-497-field_8\" class=\"wpforms-field-medium\" name=\"wpforms[fields][8]\" >\n\t\t<\/div>\n\t\t<div id=\"wpforms-497-field_4-container\" class=\"wpforms-field wpforms-field-text wpforms-one-half wpforms-first\" data-field-id=\"4\"><label class=\"wpforms-field-label\" for=\"wpforms-497-field_4\">Date de naissance <span class=\"wpforms-required-label\" aria-hidden=\"true\">*<\/span><\/label><input type=\"text\" id=\"wpforms-497-field_4\" class=\"wpforms-field-large wpforms-field-required\" name=\"wpforms[fields][4]\" placeholder=\"Votre date de naissance : jj\/ mm\/aaaa\" aria-errormessage=\"wpforms-497-field_4-error\" aria-describedby=\"wpforms-497-field_4-description\" required><div id=\"wpforms-497-field_4-description\" class=\"wpforms-field-description\">Votre date de naissance : jj\/ mm\/aaaa<\/div><\/div><div id=\"wpforms-497-field_5-container\" class=\"wpforms-field wpforms-field-text wpforms-one-half\" data-field-id=\"5\"><label class=\"wpforms-field-label\" for=\"wpforms-497-field_5\">T\u00e9l\u00e9phone <span class=\"wpforms-required-label\" aria-hidden=\"true\">*<\/span><\/label><input type=\"text\" id=\"wpforms-497-field_5\" class=\"wpforms-field-large wpforms-field-required\" name=\"wpforms[fields][5]\" placeholder=\"Votre N\u00b0 de t\u00e9l\u00e9phone\" aria-errormessage=\"wpforms-497-field_5-error\" aria-describedby=\"wpforms-497-field_5-description\" required><div id=\"wpforms-497-field_5-description\" class=\"wpforms-field-description\">Votre N\u00b0 de t\u00e9l\u00e9phone devant comprendre 10 caract\u00e8res<\/div><\/div><div id=\"wpforms-497-field_6-container\" class=\"wpforms-field wpforms-field-email\" data-field-id=\"6\"><label class=\"wpforms-field-label\" for=\"wpforms-497-field_6\">E-mail <span class=\"wpforms-required-label\" aria-hidden=\"true\">*<\/span><\/label><input type=\"email\" id=\"wpforms-497-field_6\" class=\"wpforms-field-large wpforms-field-required\" name=\"wpforms[fields][6]\" placeholder=\"Votre email\" spellcheck=\"false\" aria-errormessage=\"wpforms-497-field_6-error\" aria-describedby=\"wpforms-497-field_6-description\" required><div id=\"wpforms-497-field_6-description\" class=\"wpforms-field-description\">Votre email<\/div><\/div><div id=\"wpforms-497-field_7-container\" class=\"wpforms-field wpforms-field-text\" data-field-id=\"7\"><label class=\"wpforms-field-label\" for=\"wpforms-497-field_7\">Personne \u00e0 pr\u00e9venir <span class=\"wpforms-required-label\" aria-hidden=\"true\">*<\/span><\/label><input type=\"text\" id=\"wpforms-497-field_7\" class=\"wpforms-field-large wpforms-field-required\" name=\"wpforms[fields][7]\" placeholder=\"Personne(s) \u00e0 pr\u00e9venir en cas d&#039;urgence\" aria-errormessage=\"wpforms-497-field_7-error\" aria-describedby=\"wpforms-497-field_7-description\" required><div id=\"wpforms-497-field_7-description\" class=\"wpforms-field-description\">Personne(s) \u00e0 pr\u00e9venir en cas d'urgence + Num\u00e9ro(s) de T\u00e9l\u00e9phone<\/div><\/div><script>\n\t\t\t\t( function() {\n\t\t\t\t\tconst style = document.createElement( 'style' );\n\t\t\t\t\tstyle.appendChild( document.createTextNode( '#wpforms-497-field_8-container { position: absolute !important; overflow: hidden !important; display: inline !important; height: 1px !important; width: 1px !important; z-index: -1000 !important; padding: 0 !important; } #wpforms-497-field_8-container input { visibility: hidden; } #wpforms-conversational-form-page #wpforms-497-field_8-container label { counter-increment: none; }' ) );\n\t\t\t\t\tdocument.head.appendChild( style );\n\t\t\t\t\tdocument.currentScript?.remove();\n\t\t\t\t} )();\n\t\t\t<\/script><\/div><!-- .wpforms-field-container --><div class=\"wpforms-submit-container\" ><input type=\"hidden\" name=\"wpforms[id]\" value=\"497\"><input type=\"hidden\" name=\"page_title\" value=\"\"><input type=\"hidden\" name=\"page_url\" value=\"https:\/\/scacrando.fr\/scac\/wp-json\/wp\/v2\/pages\/216\"><input type=\"hidden\" name=\"url_referer\" value=\"\"><button type=\"submit\" name=\"wpforms[submit]\" id=\"wpforms-submit-497\" class=\"wpforms-submit\" data-alt-text=\"Envoi...\" data-submit-text=\"Envoyer\" aria-live=\"assertive\" value=\"wpforms-submit\">Envoyer<\/button><img decoding=\"async\" src=\"https:\/\/scacrando.fr\/scac\/wp-content\/plugins\/wpforms-lite\/assets\/images\/submit-spin.svg\" class=\"wpforms-submit-spinner\" style=\"display: none;\" width=\"26\" height=\"26\" alt=\"Chargement en cours\"><\/div><\/form><\/div>  <!-- .wpforms-container -->\t\t\t\t<\/div>\n\t\t\t\t<\/div>\n\t\t\t\t\t<\/div>\n\t\t\t\t<\/div>\n\t\t<div class=\"elementor-element elementor-element-5e5d7de e-flex e-con-boxed e-con e-parent\" data-id=\"5e5d7de\" data-element_type=\"container\" data-e-type=\"container\">\n\t\t\t\t\t<div class=\"e-con-inner\">\n\t\t\t\t<div class=\"elementor-element elementor-element-590c338 elementor-widget elementor-widget-text-editor\" data-id=\"590c338\" data-element_type=\"widget\" data-e-type=\"widget\" data-widget_type=\"text-editor.default\">\n\t\t\t\t<div class=\"elementor-widget-container\">\n\t\t\t\t\t\t\t\t\t<p class=\"p1\">T\u00e9l\u00e9charger le <a href=\"https:\/\/scacrando.fr\/scac\/download\/1316\/\"><span style=\"text-decoration: underline;\"><strong><span style=\"color: #000080;\"><span class=\"s1\"><span style=\"color: #3366ff; text-decoration: underline;\">Formulaire de certificat m\u00e9dical<\/span><\/span><\/span><\/strong><\/span><\/a> \u00e0 faire obligatoirement remplir par votre m\u00e9decin traitant.<\/p>\t\t\t\t\t\t\t\t<\/div>\n\t\t\t\t<\/div>\n\t\t\t\t\t<\/div>\n\t\t\t\t<\/div>\n\t\t\t\t<\/div>\n\t\t","protected":false},"excerpt":{"rendered":"<p>Adh\u00e9rez \u00e0 l&rsquo;ann\u00e9e en cours J&rsquo;ai not\u00e9 que la loi N\u00b0 84-610 du 16 juillet 1984 fait obligation aux associations d&rsquo;une f\u00e9d\u00e9ration sportive d&rsquo;assurer leur responsabilit\u00e9 civile et celle de [&hellip;]<\/p>\n","protected":false},"author":1,"featured_media":0,"parent":0,"menu_order":0,"comment_status":"closed","ping_status":"closed","template":"","meta":{"_price":"","_stock":"","_tribe_ticket_header":"","_tribe_default_ticket_provider":"","_tribe_ticket_capacity":"0","_ticket_start_date":"","_ticket_end_date":"","_tribe_ticket_show_description":"","_tribe_ticket_show_not_going":false,"_tribe_ticket_use_global_stock":"","_tribe_ticket_global_stock_level":"","_global_stock_mode":"","_global_stock_cap":"","_tribe_rsvp_for_event":"","_tribe_ticket_going_count":"","_tribe_ticket_not_going_count":"","_tribe_tickets_list":"[]","_tribe_ticket_has_attendee_info_fields":false,"ocean_post_layout":"","ocean_both_sidebars_style":"","ocean_both_sidebars_content_width":0,"ocean_both_sidebars_sidebars_width":0,"ocean_sidebar":"","ocean_second_sidebar":"","ocean_disable_margins":"enable","ocean_add_body_class":"","ocean_shortcode_before_top_bar":"","ocean_shortcode_after_top_bar":"","ocean_shortcode_before_header":"","ocean_shortcode_after_header":"","ocean_has_shortcode":"","ocean_shortcode_after_title":"","ocean_shortcode_before_footer_widgets":"","ocean_shortcode_after_footer_widgets":"","ocean_shortcode_before_footer_bottom":"","ocean_shortcode_after_footer_bottom":"","ocean_display_top_bar":"default","ocean_display_header":"default","ocean_header_style":"","ocean_center_header_left_menu":"","ocean_custom_header_template":"","ocean_custom_logo":0,"ocean_custom_retina_logo":0,"ocean_custom_logo_max_width":0,"ocean_custom_logo_tablet_max_width":0,"ocean_custom_logo_mobile_max_width":0,"ocean_custom_logo_max_height":0,"ocean_custom_logo_tablet_max_height":0,"ocean_custom_logo_mobile_max_height":0,"ocean_header_custom_menu":"","ocean_menu_typo_font_family":"","ocean_menu_typo_font_subset":"","ocean_menu_typo_font_size":0,"ocean_menu_typo_font_size_tablet":0,"ocean_menu_typo_font_size_mobile":0,"ocean_menu_typo_font_size_unit":"px","ocean_menu_typo_font_weight":"","ocean_menu_typo_font_weight_tablet":"","ocean_menu_typo_font_weight_mobile":"","ocean_menu_typo_transform":"","ocean_menu_typo_transform_tablet":"","ocean_menu_typo_transform_mobile":"","ocean_menu_typo_line_height":0,"ocean_menu_typo_line_height_tablet":0,"ocean_menu_typo_line_height_mobile":0,"ocean_menu_typo_line_height_unit":"","ocean_menu_typo_spacing":0,"ocean_menu_typo_spacing_tablet":0,"ocean_menu_typo_spacing_mobile":0,"ocean_menu_typo_spacing_unit":"","ocean_menu_link_color":"","ocean_menu_link_color_hover":"","ocean_menu_link_color_active":"","ocean_menu_link_background":"","ocean_menu_link_hover_background":"","ocean_menu_link_active_background":"","ocean_menu_social_links_bg":"","ocean_menu_social_hover_links_bg":"","ocean_menu_social_links_color":"","ocean_menu_social_hover_links_color":"","ocean_disable_title":"default","ocean_disable_heading":"default","ocean_post_title":"","ocean_post_subheading":"","ocean_post_title_style":"","ocean_post_title_background_color":"","ocean_post_title_background":0,"ocean_post_title_bg_image_position":"","ocean_post_title_bg_image_attachment":"","ocean_post_title_bg_image_repeat":"","ocean_post_title_bg_image_size":"","ocean_post_title_height":0,"ocean_post_title_bg_overlay":0.5,"ocean_post_title_bg_overlay_color":"","ocean_disable_breadcrumbs":"default","ocean_breadcrumbs_color":"","ocean_breadcrumbs_separator_color":"","ocean_breadcrumbs_links_color":"","ocean_breadcrumbs_links_hover_color":"","ocean_display_footer_widgets":"default","ocean_display_footer_bottom":"default","ocean_custom_footer_template":"","_glsr_average":0,"_glsr_ranking":0,"_glsr_reviews":0,"footnotes":"","_tec_slr_enabled":"","_tec_slr_layout":""},"class_list":["post-216","page","type-page","status-publish","hentry","entry"],"ticketed":false,"_links":{"self":[{"href":"https:\/\/scacrando.fr\/scac\/wp-json\/wp\/v2\/pages\/216","targetHints":{"allow":["GET"]}}],"collection":[{"href":"https:\/\/scacrando.fr\/scac\/wp-json\/wp\/v2\/pages"}],"about":[{"href":"https:\/\/scacrando.fr\/scac\/wp-json\/wp\/v2\/types\/page"}],"author":[{"embeddable":true,"href":"https:\/\/scacrando.fr\/scac\/wp-json\/wp\/v2\/users\/1"}],"replies":[{"embeddable":true,"href":"https:\/\/scacrando.fr\/scac\/wp-json\/wp\/v2\/comments?post=216"}],"version-history":[{"count":50,"href":"https:\/\/scacrando.fr\/scac\/wp-json\/wp\/v2\/pages\/216\/revisions"}],"predecessor-version":[{"id":4015,"href":"https:\/\/scacrando.fr\/scac\/wp-json\/wp\/v2\/pages\/216\/revisions\/4015"}],"wp:attachment":[{"href":"https:\/\/scacrando.fr\/scac\/wp-json\/wp\/v2\/media?parent=216"}],"curies":[{"name":"wp","href":"https:\/\/api.w.org\/{rel}","templated":true}]}}